{"id":15501,"date":"2024-11-06T04:38:12","date_gmt":"2024-11-06T04:38:12","guid":{"rendered":"https:\/\/adra-mena.org\/?page_id=15501"},"modified":"2026-03-31T05:53:50","modified_gmt":"2026-03-31T05:53:50","slug":"news-and-blog","status":"publish","type":"page","link":"https:\/\/ethiopia.adra.cloud\/fr\/media\/news-and-blog\/","title":{"rendered":"Actualit\u00e9s &amp; Blog"},"content":{"rendered":"<div data-elementor-type=\"wp-page\" data-elementor-id=\"15501\" class=\"elementor elementor-15501\" data-elementor-post-type=\"page\">\n\t\t\t\t\t\t<section data-particle_enable=\"false\" data-particle-mobile-disabled=\"false\" class=\"elementor-section elementor-top-section elementor-element elementor-element-3e6cf5a elementor-section-full_width elementor-section-height-min-height elementor-section-height-default elementor-section-items-middle\" data-id=\"3e6cf5a\" data-element_type=\"section\" data-e-type=\"section\" data-settings=\"{&quot;background_background&quot;:&quot;classic&quot;}\">\n\t\t\t\t\t\t<div class=\"elementor-container elementor-column-gap-no\">\n\t\t\t\t\t<div class=\"elementor-column elementor-col-100 elementor-top-column elementor-element elementor-element-17d2b74\" data-id=\"17d2b74\" data-element_type=\"column\" data-e-type=\"column\">\n\t\t\t<div class=\"elementor-widget-wrap elementor-element-populated\">\n\t\t\t\t\t\t<div class=\"elementor-element elementor-element-e31a837 elementor-widget elementor-widget-image-gallery\" data-id=\"e31a837\" data-element_type=\"widget\" data-e-type=\"widget\" data-widget_type=\"image-gallery.default\">\n\t\t\t\t<div class=\"elementor-widget-container\">\n\t\t\t\t\t\t\t<div class=\"elementor-image-gallery\">\n\t\t\t<div id='gallery-1' class='gallery galleryid-15501 gallery-columns-3 gallery-size-thumbnail'><figure class='gallery-item'>\n\t\t\t<div class='gallery-icon portrait'>\n\t\t\t\t<a  href='https:\/\/ethiopia.adra.cloud\/wp-content\/uploads\/2026\/03\/IMG_0876-scaled.jpg'><img decoding=\"async\" width=\"150\" height=\"150\" src=\"https:\/\/ethiopia.adra.cloud\/wp-content\/uploads\/2026\/03\/IMG_0876-150x150.jpg\" class=\"attachment-thumbnail size-thumbnail\" alt=\"\" srcset=\"https:\/\/ethiopia.adra.cloud\/wp-content\/uploads\/2026\/03\/IMG_0876-150x150.jpg 150w, https:\/\/ethiopia.adra.cloud\/wp-content\/uploads\/2026\/03\/IMG_0876-11x12.jpg 11w\" sizes=\"(max-width: 150px) 100vw, 150px\" \/><\/a>\n\t\t\t<\/div><\/figure><figure class='gallery-item'>\n\t\t\t<div class='gallery-icon portrait'>\n\t\t\t\t<a  href='https:\/\/ethiopia.adra.cloud\/wp-content\/uploads\/2026\/03\/Picture9.png'><img decoding=\"async\" width=\"150\" height=\"150\" src=\"https:\/\/ethiopia.adra.cloud\/wp-content\/uploads\/2026\/03\/Picture9-150x150.png\" class=\"attachment-thumbnail size-thumbnail\" alt=\"\" \/><\/a>\n\t\t\t<\/div><\/figure><figure class='gallery-item'>\n\t\t\t<div class='gallery-icon landscape'>\n\t\t\t\t<a  href='https:\/\/ethiopia.adra.cloud\/wp-content\/uploads\/2026\/03\/IMG_0883-4-scaled.jpg'><img decoding=\"async\" width=\"150\" height=\"150\" src=\"https:\/\/ethiopia.adra.cloud\/wp-content\/uploads\/2026\/03\/IMG_0883-4-150x150.jpg\" class=\"attachment-thumbnail size-thumbnail\" alt=\"\" \/><\/a>\n\t\t\t<\/div><\/figure><figure class='gallery-item'>\n\t\t\t<div class='gallery-icon portrait'>\n\t\t\t\t<a  href='https:\/\/ethiopia.adra.cloud\/wp-content\/uploads\/2026\/03\/Picture8.png'><img loading=\"lazy\" decoding=\"async\" width=\"150\" height=\"150\" src=\"https:\/\/ethiopia.adra.cloud\/wp-content\/uploads\/2026\/03\/Picture8-150x150.png\" class=\"attachment-thumbnail size-thumbnail\" alt=\"\" \/><\/a>\n\t\t\t<\/div><\/figure><figure class='gallery-item'>\n\t\t\t<div class='gallery-icon landscape'>\n\t\t\t\t<a  href='https:\/\/ethiopia.adra.cloud\/wp-content\/uploads\/2026\/03\/IMG_2648.JPG.jpeg'><img loading=\"lazy\" decoding=\"async\" width=\"150\" height=\"150\" src=\"https:\/\/ethiopia.adra.cloud\/wp-content\/uploads\/2026\/03\/IMG_2648.JPG-150x150.jpeg\" class=\"attachment-thumbnail size-thumbnail\" alt=\"\" \/><\/a>\n\t\t\t<\/div><\/figure><figure class='gallery-item'>\n\t\t\t<div class='gallery-icon landscape'>\n\t\t\t\t<a  href='https:\/\/ethiopia.adra.cloud\/wp-content\/uploads\/2026\/01\/download-6.jpg'><img loading=\"lazy\" decoding=\"async\" width=\"150\" height=\"150\" src=\"https:\/\/ethiopia.adra.cloud\/wp-content\/uploads\/2026\/01\/download-6-150x150.jpg\" class=\"attachment-thumbnail size-thumbnail\" alt=\"\" \/><\/a>\n\t\t\t<\/div><\/figure><figure class='gallery-item'>\n\t\t\t<div class='gallery-icon landscape'>\n\t\t\t\t<a  href='https:\/\/ethiopia.adra.cloud\/wp-content\/uploads\/2025\/07\/WhatsApp-Image-2025-12-05-at-5.32.16-AM.jpeg'><img loading=\"lazy\" decoding=\"async\" width=\"150\" height=\"150\" src=\"https:\/\/ethiopia.adra.cloud\/wp-content\/uploads\/2025\/07\/WhatsApp-Image-2025-12-05-at-5.32.16-AM-150x150.jpeg\" class=\"attachment-thumbnail size-thumbnail\" alt=\"\" \/><\/a>\n\t\t\t<\/div><\/figure>\n\t\t<\/div>\n\t\t<\/div>\n\t\t\t\t\t\t<\/div>\n\t\t\t\t<\/div>\n\t\t\t\t\t<\/div>\n\t\t<\/div>\n\t\t\t\t\t<\/div>\n\t\t<\/section>\n\t\t\t\t<section data-particle_enable=\"false\" data-particle-mobile-disabled=\"false\" class=\"elementor-section elementor-top-section elementor-element elementor-element-4c43bf5 elementor-section-boxed elementor-section-height-default elementor-section-height-default\" data-id=\"4c43bf5\" data-element_type=\"section\" data-e-type=\"section\" data-settings=\"{&quot;background_background&quot;:&quot;classic&quot;}\">\n\t\t\t\t\t\t<div class=\"elementor-container elementor-column-gap-default\">\n\t\t\t\t\t<div class=\"elementor-column elementor-col-100 elementor-top-column elementor-element elementor-element-42610a1\" data-id=\"42610a1\" data-element_type=\"column\" data-e-type=\"column\">\n\t\t\t<div class=\"elementor-widget-wrap elementor-element-populated\">\n\t\t\t\t\t\t<div class=\"elementor-element elementor-element-505562b elementor-widget elementor-widget-spacer\" data-id=\"505562b\" data-element_type=\"widget\" data-e-type=\"widget\" data-widget_type=\"spacer.default\">\n\t\t\t\t<div class=\"elementor-widget-container\">\n\t\t\t\t\t\t\t<div class=\"elementor-spacer\">\n\t\t\t<div class=\"elementor-spacer-inner\"><\/div>\n\t\t<\/div>\n\t\t\t\t\t\t<\/div>\n\t\t\t\t<\/div>\n\t\t\t\t<div class=\"elementor-element elementor-element-64ca26e ee-grid-columns-2 ee-posts-thumbnail-ratio ee-filters-align-right ee-filters-align-mobile-center ee-grid-columns-tablet-2 ee-grid-columns-mobile-1 ee-grid-align--stretch ee-grid-halign--left ee-posts-align-top ee-posts-avatar-position-left elementor-widget elementor-widget-posts-extra\" data-id=\"64ca26e\" data-element_type=\"widget\" data-e-type=\"widget\" data-settings=\"{&quot;columns&quot;:&quot;2&quot;,&quot;classic_filters&quot;:&quot;yes&quot;,&quot;columns_tablet&quot;:&quot;2&quot;,&quot;columns_mobile&quot;:&quot;1&quot;,&quot;classic_layout&quot;:&quot;default&quot;,&quot;classic_grid_columns_spacing&quot;:{&quot;unit&quot;:&quot;px&quot;,&quot;size&quot;:24,&quot;sizes&quot;:[]},&quot;classic_grid_columns_spacing_tablet&quot;:{&quot;unit&quot;:&quot;px&quot;,&quot;size&quot;:12,&quot;sizes&quot;:[]},&quot;classic_grid_columns_spacing_mobile&quot;:{&quot;unit&quot;:&quot;px&quot;,&quot;size&quot;:0,&quot;sizes&quot;:[]}}\" data-widget_type=\"posts-extra.classic\">\n\t\t\t\t<div class=\"elementor-widget-container\">\n\t\t\t\t\t<ul class=\"ee-filters ee-filters--category\">\n\n\t\t\t\t\t\t<li class=\"ee-filters__item o-nav__item\"><a data-filter=\"*\" class=\"ee--active\">\n\t\t\t\tTous\t\t\t<\/a><\/li>\n\t\t\t\n\t\t\t<li class=\"ee-filters__item o-nav__item ee-term ee-term--education\">\n\t\t\t\t\t<a data-filter=\".ee-filter-292\" class=\"ee-term__link\">\n\t\t\t\t\t\tL'\u00e9ducation\t\t\t\t\t\t\t\t\t\t\t<\/a>\n\t\t\t\t<\/li>\n\t\t\t<li class=\"ee-filters__item o-nav__item ee-term ee-term--emergency\">\n\t\t\t\t\t<a data-filter=\".ee-filter-294\" class=\"ee-term__link\">\n\t\t\t\t\t\tUrgence\t\t\t\t\t\t\t\t\t\t\t<\/a>\n\t\t\t\t<\/li>\n\t\t\t<li class=\"ee-filters__item o-nav__item ee-term ee-term--health\">\n\t\t\t\t\t<a data-filter=\".ee-filter-295\" class=\"ee-term__link\">\n\t\t\t\t\t\tSant\u00e9\t\t\t\t\t\t\t\t\t\t\t<\/a>\n\t\t\t\t<\/li>\n\t\t\t<li class=\"ee-filters__item o-nav__item ee-term ee-term--livelihoods\">\n\t\t\t\t\t<a data-filter=\".ee-filter-293\" class=\"ee-term__link\">\n\t\t\t\t\t\tMoyens de subsistance\t\t\t\t\t\t\t\t\t\t\t<\/a>\n\t\t\t\t<\/li>\n\t\t\t\t\t<\/ul><div class=\"ee-grid ee-loop ee-grid--default\"><div class=\"ee-grid__item--sizer\"><\/div><div class=\"ee-grid__item ee-loop__item ee-filter-292 ee-filter-294 ee-filter-295 ee-filter-293\"><article class=\"ee-post post-15863 post type-post status-publish format-standard has-post-thumbnail hentry category-education category-emergency category-health category-livelihoods\"><a class=\"ee-media ee-post__media\" href=\"https:\/\/ethiopia.adra.cloud\/fr\/sample-post-2\/\"><div class=\"ee-post__media__thumbnail ee-media__thumbnail\"><img loading=\"lazy\" decoding=\"async\" width=\"800\" height=\"369\" src=\"https:\/\/ethiopia.adra.cloud\/wp-content\/uploads\/2025\/07\/WhatsApp-Image-2025-12-05-at-5.32.16-AM-1024x472.jpeg\" class=\"attachment-large size-large wp-image-17365\" alt=\"\" srcset=\"https:\/\/ethiopia.adra.cloud\/wp-content\/uploads\/2025\/07\/WhatsApp-Image-2025-12-05-at-5.32.16-AM-1024x472.jpeg 1024w, https:\/\/ethiopia.adra.cloud\/wp-content\/uploads\/2025\/07\/WhatsApp-Image-2025-12-05-at-5.32.16-AM-300x138.jpeg 300w, https:\/\/ethiopia.adra.cloud\/wp-content\/uploads\/2025\/07\/WhatsApp-Image-2025-12-05-at-5.32.16-AM-768x354.jpeg 768w, https:\/\/ethiopia.adra.cloud\/wp-content\/uploads\/2025\/07\/WhatsApp-Image-2025-12-05-at-5.32.16-AM-18x8.jpeg 18w, https:\/\/ethiopia.adra.cloud\/wp-content\/uploads\/2025\/07\/WhatsApp-Image-2025-12-05-at-5.32.16-AM.jpeg 1080w\" sizes=\"(max-width: 800px) 100vw, 800px\" \/><\/div><div class=\"ee-post__media__overlay ee-media__overlay\"><\/div><\/a><!-- .ee-post__media --><div class=\"ee-post__body ee-post__area\">\t\t<ul class=\"ee-post__terms\">\n\n\t\t\t\n\t\t\t\n\t\t\t\t<li class=\"ee-post__terms__term ee-term ee-term--education\">\n\t\t\t\t\t<span class=\"ee-post__terms__link ee-term__link\">\n\t\t\t\t\t\tL'\u00e9ducation\t\t\t\t\t<\/span><span class=\"ee-post__terms__separator\">|<\/span>\t\t\t\t<\/li>\n\n\t\t\t\n\t\t\t\t<li class=\"ee-post__terms__term ee-term ee-term--emergency\">\n\t\t\t\t\t<span class=\"ee-post__terms__link ee-term__link\">\n\t\t\t\t\t\tUrgence\t\t\t\t\t<\/span><span class=\"ee-post__terms__separator\">|<\/span>\t\t\t\t<\/li>\n\n\t\t\t\t\t<\/ul>\n\t\t<a href=\"https:\/\/ethiopia.adra.cloud\/fr\/sample-post-2\/\" class=\"ee-post__title\">\n\t\t\t<h2 class=\"ee-post__title__heading\">Construction d'une nouvelle biblioth\u00e8que \u00e0 l'\u00e9cole primaire de Wotera !<\/h2>\n\t\t<\/a><div class=\"ee-post__excerpt\">\u00c9chantillon<\/div><\/div><!-- .ee-post__body --><div class=\"ee-post__footer ee-post__area\"><div class=\"ee-post__read-more\">\n\t\t\t<a class=\"ee-post__button\" href=\"https:\/\/ethiopia.adra.cloud\/fr\/sample-post-2\/\" target=\"_blank\">\n\t\t\t\tLire la suite\t\t\t<\/a>\n\t\t<\/div><\/div><!-- .ee-post__footer --><\/article><!-- .ee-post --><\/div><!-- .ee-loop__item --><div class=\"ee-grid__item ee-loop__item ee-filter-292 ee-filter-293\"><article class=\"ee-post post-15865 post type-post status-publish format-standard has-post-thumbnail hentry category-education category-livelihoods\"><a class=\"ee-media ee-post__media\" href=\"https:\/\/ethiopia.adra.cloud\/fr\/sample-post-3\/\"><div class=\"ee-post__media__thumbnail ee-media__thumbnail\"><img loading=\"lazy\" decoding=\"async\" width=\"800\" height=\"369\" src=\"https:\/\/ethiopia.adra.cloud\/wp-content\/uploads\/2025\/07\/WhatsApp-Image-2025-12-05-at-5.33.00-AM.jpeg\" class=\"attachment-large size-large wp-image-17366\" alt=\"\" srcset=\"https:\/\/ethiopia.adra.cloud\/wp-content\/uploads\/2025\/07\/WhatsApp-Image-2025-12-05-at-5.33.00-AM.jpeg 1020w, https:\/\/ethiopia.adra.cloud\/wp-content\/uploads\/2025\/07\/WhatsApp-Image-2025-12-05-at-5.33.00-AM-300x139.jpeg 300w, https:\/\/ethiopia.adra.cloud\/wp-content\/uploads\/2025\/07\/WhatsApp-Image-2025-12-05-at-5.33.00-AM-768x355.jpeg 768w, https:\/\/ethiopia.adra.cloud\/wp-content\/uploads\/2025\/07\/WhatsApp-Image-2025-12-05-at-5.33.00-AM-18x8.jpeg 18w\" sizes=\"(max-width: 800px) 100vw, 800px\" \/><\/div><div class=\"ee-post__media__overlay ee-media__overlay\"><\/div><\/a><!-- .ee-post__media --><div class=\"ee-post__body ee-post__area\">\t\t<ul class=\"ee-post__terms\">\n\n\t\t\t\n\t\t\t\n\t\t\t\t<li class=\"ee-post__terms__term ee-term ee-term--education\">\n\t\t\t\t\t<span class=\"ee-post__terms__link ee-term__link\">\n\t\t\t\t\t\tL'\u00e9ducation\t\t\t\t\t<\/span><span class=\"ee-post__terms__separator\">|<\/span>\t\t\t\t<\/li>\n\n\t\t\t\n\t\t\t\t<li class=\"ee-post__terms__term ee-term ee-term--livelihoods\">\n\t\t\t\t\t<span class=\"ee-post__terms__link ee-term__link\">\n\t\t\t\t\t\tMoyens de subsistance\t\t\t\t\t<\/span><span class=\"ee-post__terms__separator\">|<\/span>\t\t\t\t<\/li>\n\n\t\t\t\t\t<\/ul>\n\t\t<a href=\"https:\/\/ethiopia.adra.cloud\/fr\/sample-post-3\/\" class=\"ee-post__title\">\n\t\t\t<h2 class=\"ee-post__title__heading\">Phase II du projet d'EFTP vert<\/h2>\n\t\t<\/a><div class=\"ee-post__excerpt\">\u00c9chantillon<\/div><\/div><!-- .ee-post__body --><div class=\"ee-post__footer ee-post__area\"><div class=\"ee-post__read-more\">\n\t\t\t<a class=\"ee-post__button\" href=\"https:\/\/ethiopia.adra.cloud\/fr\/sample-post-3\/\" target=\"_blank\">\n\t\t\t\tLire la suite\t\t\t<\/a>\n\t\t<\/div><\/div><!-- .ee-post__footer --><\/article><!-- .ee-post --><\/div><!-- .ee-loop__item --><div class=\"ee-grid__item ee-loop__item ee-filter-292 ee-filter-294 ee-filter-295 ee-filter-293\"><article class=\"ee-post post-15860 post type-post status-publish format-standard has-post-thumbnail hentry category-education category-emergency category-health category-livelihoods\"><a class=\"ee-media ee-post__media\" href=\"https:\/\/ethiopia.adra.cloud\/fr\/sample-post-1\/\"><div class=\"ee-post__media__thumbnail ee-media__thumbnail\"><img loading=\"lazy\" decoding=\"async\" width=\"768\" height=\"1024\" src=\"https:\/\/ethiopia.adra.cloud\/wp-content\/uploads\/2025\/07\/WhatsApp-Image-2025-12-05-at-5.31.26-AM-768x1024.jpeg\" class=\"attachment-large size-large wp-image-17351\" alt=\"\" srcset=\"https:\/\/ethiopia.adra.cloud\/wp-content\/uploads\/2025\/07\/WhatsApp-Image-2025-12-05-at-5.31.26-AM-768x1024.jpeg 768w, https:\/\/ethiopia.adra.cloud\/wp-content\/uploads\/2025\/07\/WhatsApp-Image-2025-12-05-at-5.31.26-AM-225x300.jpeg 225w, https:\/\/ethiopia.adra.cloud\/wp-content\/uploads\/2025\/07\/WhatsApp-Image-2025-12-05-at-5.31.26-AM-9x12.jpeg 9w, https:\/\/ethiopia.adra.cloud\/wp-content\/uploads\/2025\/07\/WhatsApp-Image-2025-12-05-at-5.31.26-AM.jpeg 810w\" sizes=\"(max-width: 768px) 100vw, 768px\" \/><\/div><div class=\"ee-post__media__overlay ee-media__overlay\"><\/div><\/a><!-- .ee-post__media --><div class=\"ee-post__body ee-post__area\">\t\t<ul class=\"ee-post__terms\">\n\n\t\t\t\n\t\t\t\n\t\t\t\t<li class=\"ee-post__terms__term ee-term ee-term--education\">\n\t\t\t\t\t<span class=\"ee-post__terms__link ee-term__link\">\n\t\t\t\t\t\tL'\u00e9ducation\t\t\t\t\t<\/span><span class=\"ee-post__terms__separator\">|<\/span>\t\t\t\t<\/li>\n\n\t\t\t\n\t\t\t\t<li class=\"ee-post__terms__term ee-term ee-term--emergency\">\n\t\t\t\t\t<span class=\"ee-post__terms__link ee-term__link\">\n\t\t\t\t\t\tUrgence\t\t\t\t\t<\/span><span class=\"ee-post__terms__separator\">|<\/span>\t\t\t\t<\/li>\n\n\t\t\t\t\t<\/ul>\n\t\t<a href=\"https:\/\/ethiopia.adra.cloud\/fr\/sample-post-1\/\" class=\"ee-post__title\">\n\t\t\t<h2 class=\"ee-post__title__heading\">Jardin de l'\u00e9cole par ASPIRE PROJECT<\/h2>\n\t\t<\/a><div class=\"ee-post__excerpt\">\u00c9chantillon<\/div><\/div><!-- .ee-post__body --><div class=\"ee-post__footer ee-post__area\"><div class=\"ee-post__read-more\">\n\t\t\t<a class=\"ee-post__button\" href=\"https:\/\/ethiopia.adra.cloud\/fr\/sample-post-1\/\" target=\"_blank\">\n\t\t\t\tLire la suite\t\t\t<\/a>\n\t\t<\/div><\/div><!-- .ee-post__footer --><\/article><!-- .ee-post --><\/div><!-- .ee-loop__item --><\/div><!-- .ee-loop -->\t\t\t\t<\/div>\n\t\t\t\t<\/div>\n\t\t\t\t<div class=\"elementor-element elementor-element-726c4c8 elementor-widget elementor-widget-spacer\" data-id=\"726c4c8\" data-element_type=\"widget\" data-e-type=\"widget\" data-widget_type=\"spacer.default\">\n\t\t\t\t<div class=\"elementor-widget-container\">\n\t\t\t\t\t\t\t<div class=\"elementor-spacer\">\n\t\t\t<div class=\"elementor-spacer-inner\"><\/div>\n\t\t<\/div>\n\t\t\t\t\t\t<\/div>\n\t\t\t\t<\/div>\n\t\t\t\t\t<\/div>\n\t\t<\/div>\n\t\t\t\t\t<\/div>\n\t\t<\/section>\n\t\t\t\t<\/div>","protected":false},"excerpt":{"rendered":"<p>All Education Emergency Health Livelihoods Education | Livelihoods | Green TVET Project Phase II Sample Read More Education | Emergency | New Library Construction Completed at Wotera Primary School! Sample Read More Education | Emergency | SCHOOL garden by ASPIRE PROJECT Sample Read More<\/p>","protected":false},"author":1,"featured_media":0,"parent":16414,"menu_order":1,"comment_status":"closed","ping_status":"closed","template":"","meta":{"_acf_changed":false,"footnotes":""},"class_list":["post-15501","page","type-page","status-publish","hentry"],"acf":[],"_links":{"self":[{"href":"https:\/\/ethiopia.adra.cloud\/fr\/wp-json\/wp\/v2\/pages\/15501","targetHints":{"allow":["GET"]}}],"collection":[{"href":"https:\/\/ethiopia.adra.cloud\/fr\/wp-json\/wp\/v2\/pages"}],"about":[{"href":"https:\/\/ethiopia.adra.cloud\/fr\/wp-json\/wp\/v2\/types\/page"}],"author":[{"embeddable":true,"href":"https:\/\/ethiopia.adra.cloud\/fr\/wp-json\/wp\/v2\/users\/1"}],"replies":[{"embeddable":true,"href":"https:\/\/ethiopia.adra.cloud\/fr\/wp-json\/wp\/v2\/comments?post=15501"}],"version-history":[{"count":8,"href":"https:\/\/ethiopia.adra.cloud\/fr\/wp-json\/wp\/v2\/pages\/15501\/revisions"}],"predecessor-version":[{"id":17651,"href":"https:\/\/ethiopia.adra.cloud\/fr\/wp-json\/wp\/v2\/pages\/15501\/revisions\/17651"}],"up":[{"embeddable":true,"href":"https:\/\/ethiopia.adra.cloud\/fr\/wp-json\/wp\/v2\/pages\/16414"}],"wp:attachment":[{"href":"https:\/\/ethiopia.adra.cloud\/fr\/wp-json\/wp\/v2\/media?parent=15501"}],"curies":[{"name":"wp","href":"https:\/\/api.w.org\/{rel}","templated":true}]}}