{"id":17501,"date":"2026-01-14T04:26:07","date_gmt":"2026-01-14T04:26:07","guid":{"rendered":"https:\/\/ethiopia.adra.cloud\/?page_id=17501"},"modified":"2026-03-24T05:27:40","modified_gmt":"2026-03-24T05:27:40","slug":"energy","status":"publish","type":"page","link":"https:\/\/ethiopia.adra.cloud\/fr\/impact\/energy\/","title":{"rendered":"L'\u00e9nergie"},"content":{"rendered":"<div data-elementor-type=\"wp-page\" data-elementor-id=\"17501\" class=\"elementor elementor-17501\" data-elementor-post-type=\"page\">\n\t\t\t\t\t\t<section data-particle_enable=\"false\" data-particle-mobile-disabled=\"false\" class=\"elementor-section elementor-top-section elementor-element elementor-element-be00489 elementor-section-full_width elementor-section-height-min-height elementor-section-height-default elementor-section-items-middle\" data-id=\"be00489\" data-element_type=\"section\" data-e-type=\"section\" data-settings=\"{&quot;background_background&quot;:&quot;classic&quot;}\">\n\t\t\t\t\t\t<div class=\"elementor-container elementor-column-gap-no\">\n\t\t\t\t\t<div class=\"elementor-column elementor-col-100 elementor-top-column elementor-element elementor-element-8e83823\" data-id=\"8e83823\" data-element_type=\"column\" data-e-type=\"column\">\n\t\t\t<div class=\"elementor-widget-wrap\">\n\t\t\t\t\t\t\t<\/div>\n\t\t<\/div>\n\t\t\t\t\t<\/div>\n\t\t<\/section>\n\t\t\t\t<section data-particle_enable=\"false\" data-particle-mobile-disabled=\"false\" class=\"elementor-section elementor-top-section elementor-element elementor-element-12cede05 elementor-section-full_width elementor-section-height-default elementor-section-height-default\" data-id=\"12cede05\" data-element_type=\"section\" data-e-type=\"section\">\n\t\t\t\t\t\t<div class=\"elementor-container elementor-column-gap-default\">\n\t\t\t\t\t<div class=\"elementor-column elementor-col-33 elementor-top-column elementor-element elementor-element-5b6e374f elementor-hidden-phone\" data-id=\"5b6e374f\" data-element_type=\"column\" data-e-type=\"column\">\n\t\t\t<div class=\"elementor-widget-wrap\">\n\t\t\t\t\t\t\t<\/div>\n\t\t<\/div>\n\t\t\t\t<div class=\"elementor-column elementor-col-33 elementor-top-column elementor-element elementor-element-2463055c\" data-id=\"2463055c\" data-element_type=\"column\" data-e-type=\"column\">\n\t\t\t<div class=\"elementor-widget-wrap elementor-element-populated\">\n\t\t\t\t\t\t<div class=\"elementor-element elementor-element-3fe275e elementor-widget elementor-widget-spacer\" data-id=\"3fe275e\" data-element_type=\"widget\" data-e-type=\"widget\" data-widget_type=\"spacer.default\">\n\t\t\t\t<div class=\"elementor-widget-container\">\n\t\t\t\t\t\t\t<div class=\"elementor-spacer\">\n\t\t\t<div class=\"elementor-spacer-inner\"><\/div>\n\t\t<\/div>\n\t\t\t\t\t\t<\/div>\n\t\t\t\t<\/div>\n\t\t\t\t<div class=\"elementor-element elementor-element-3b52eff elementor-widget elementor-widget-heading\" data-id=\"3b52eff\" data-element_type=\"widget\" data-e-type=\"widget\" data-widget_type=\"heading.default\">\n\t\t\t\t<div class=\"elementor-widget-container\">\n\t\t\t\t\t<h1 class=\"elementor-heading-title elementor-size-default\">L'\u00e9nergie verte<\/h1>\t\t\t\t<\/div>\n\t\t\t\t<\/div>\n\t\t\t\t\t<\/div>\n\t\t<\/div>\n\t\t\t\t<div class=\"elementor-column elementor-col-33 elementor-top-column elementor-element elementor-element-54683dc4 elementor-hidden-phone\" data-id=\"54683dc4\" data-element_type=\"column\" data-e-type=\"column\">\n\t\t\t<div class=\"elementor-widget-wrap\">\n\t\t\t\t\t\t\t<\/div>\n\t\t<\/div>\n\t\t\t\t\t<\/div>\n\t\t<\/section>\n\t\t\t\t<section data-particle_enable=\"false\" data-particle-mobile-disabled=\"false\" class=\"elementor-section elementor-top-section elementor-element elementor-element-a040a75 elementor-section-boxed elementor-section-height-default elementor-section-height-default\" data-id=\"a040a75\" data-element_type=\"section\" data-e-type=\"section\">\n\t\t\t\t\t\t<div class=\"elementor-container elementor-column-gap-default\">\n\t\t\t\t\t<div class=\"elementor-column elementor-col-100 elementor-top-column elementor-element elementor-element-f8af0f2\" data-id=\"f8af0f2\" data-element_type=\"column\" data-e-type=\"column\">\n\t\t\t<div class=\"elementor-widget-wrap elementor-element-populated\">\n\t\t\t\t\t\t<div class=\"elementor-element elementor-element-eccbfd8 elementor-widget elementor-widget-spacer\" data-id=\"eccbfd8\" data-element_type=\"widget\" data-e-type=\"widget\" data-widget_type=\"spacer.default\">\n\t\t\t\t<div class=\"elementor-widget-container\">\n\t\t\t\t\t\t\t<div class=\"elementor-spacer\">\n\t\t\t<div class=\"elementor-spacer-inner\"><\/div>\n\t\t<\/div>\n\t\t\t\t\t\t<\/div>\n\t\t\t\t<\/div>\n\t\t\t\t<div class=\"elementor-element elementor-element-71b9214 elementor-widget elementor-widget-text-editor\" data-id=\"71b9214\" data-element_type=\"widget\" data-e-type=\"widget\" data-widget_type=\"text-editor.default\">\n\t\t\t\t<div class=\"elementor-widget-container\">\n\t\t\t\t\t\t\t\t\t<p>ADRA \u00c9thiopie, dans son projet visant \u00e0 am\u00e9liorer les moyens de subsistance et \u00e0 promouvoir les opportunit\u00e9s d'emploi pour les jeunes d\u00e9favoris\u00e9s dans les r\u00e9gions d'Oromia et de Tigray par le biais d'une formation professionnelle innovante dans le domaine des \u00e9nergies renouvelables, dans les r\u00e9gions d'Oromia et de Tigray, Ethiopia -Green Energy TVET Project, a contribu\u00e9 de mani\u00e8re significative au secteur des \u00e9nergies renouvelables. Par exemple, ce projet a \u00e9t\u00e9 mis en \u0153uvre dans 4 institutions mod\u00e8les de formation professionnelle dans les r\u00e9gions d'Oromia et de Tigray, dans le cadre d'un projet pilote. Gr\u00e2ce \u00e0 ce projet, 2 200 jeunes professionnels qualifi\u00e9s et d\u00e9favoris\u00e9s (301 femmes TTP3T) ont \u00e9t\u00e9 aid\u00e9s \u00e0 trouver un emploi et\/ou \u00e0 cr\u00e9er leur propre micro-entreprise. Au niveau institutionnel, des infrastructures techniques ont \u00e9t\u00e9 fournies \u00e0 quatre coll\u00e8ges professionnels existants et une tentative a \u00e9t\u00e9 faite pour d\u00e9velopper les capacit\u00e9s de 30 instructeurs de l'EFTP. 30 formateurs professionnels (instructeurs TVET) ont \u00e9t\u00e9 form\u00e9s aux \u00e9nergies renouvelables et aux syst\u00e8mes solaires photovolta\u00efques (formation des formateurs - TOT). ADRA Allemagne et ADRA \u00c9thiopie ont pris l'initiative et, avec le soutien des instances gouvernementales concern\u00e9es telles que le minist\u00e8re de l'eau et de l'\u00e9nergie, les bureaux f\u00e9d\u00e9raux et d'Oromia de l'EFTP et d'autres acteurs, un programme d'\u00e9tudes a \u00e9t\u00e9 con\u00e7u et distribu\u00e9 \u00e0 tous les bureaux r\u00e9gionaux de l'\u00e9ducation en \u00c9thiopie. Ce programme servira \u00e0 former les jeunes \u00e0 l'installation et \u00e0 la maintenance de l'\u00e9nergie solaire dans le secteur de l'enseignement et de la formation techniques et professionnels (EFTP) en \u00c9thiopie. Le projet fait un effort concert\u00e9 pour aborder les questions dans le triangle du ch\u00f4mage des jeunes, de l'EFTP et de l'\u00e9nergie renouvelable. Actuellement, ADRA \u00c9thiopie met en \u0153uvre un projet similaire dans quatre r\u00e9gions d'\u00c9thiopie gr\u00e2ce au financement accord\u00e9 par le BMZ via ADRA Allemagne.<\/p>\t\t\t\t\t\t\t\t<\/div>\n\t\t\t\t<\/div>\n\t\t\t\t<div class=\"elementor-element elementor-element-0884890 elementor-widget elementor-widget-spacer\" data-id=\"0884890\" data-element_type=\"widget\" data-e-type=\"widget\" data-widget_type=\"spacer.default\">\n\t\t\t\t<div class=\"elementor-widget-container\">\n\t\t\t\t\t\t\t<div class=\"elementor-spacer\">\n\t\t\t<div class=\"elementor-spacer-inner\"><\/div>\n\t\t<\/div>\n\t\t\t\t\t\t<\/div>\n\t\t\t\t<\/div>\n\t\t\t\t\t<\/div>\n\t\t<\/div>\n\t\t\t\t\t<\/div>\n\t\t<\/section>\n\t\t\t\t<section data-particle_enable=\"false\" data-particle-mobile-disabled=\"false\" class=\"elementor-section elementor-top-section elementor-element elementor-element-c00e1d5 elementor-section-boxed elementor-section-height-default elementor-section-height-default\" data-id=\"c00e1d5\" data-element_type=\"section\" data-e-type=\"section\" data-settings=\"{&quot;background_background&quot;:&quot;classic&quot;}\">\n\t\t\t\t\t\t<div class=\"elementor-container elementor-column-gap-default\">\n\t\t\t\t\t<div class=\"elementor-column elementor-col-100 elementor-top-column elementor-element elementor-element-6c707e4\" data-id=\"6c707e4\" data-element_type=\"column\" data-e-type=\"column\">\n\t\t\t<div class=\"elementor-widget-wrap elementor-element-populated\">\n\t\t\t\t\t\t<div class=\"elementor-element elementor-element-a95fca3 elementor-widget elementor-widget-spacer\" data-id=\"a95fca3\" data-element_type=\"widget\" data-e-type=\"widget\" data-widget_type=\"spacer.default\">\n\t\t\t\t<div class=\"elementor-widget-container\">\n\t\t\t\t\t\t\t<div class=\"elementor-spacer\">\n\t\t\t<div class=\"elementor-spacer-inner\"><\/div>\n\t\t<\/div>\n\t\t\t\t\t\t<\/div>\n\t\t\t\t<\/div>\n\t\t\t\t<div class=\"elementor-element elementor-element-5784db7 elementor-widget elementor-widget-heading\" data-id=\"5784db7\" data-element_type=\"widget\" data-e-type=\"widget\" data-widget_type=\"heading.default\">\n\t\t\t\t<div class=\"elementor-widget-container\">\n\t\t\t\t\t<h2 class=\"elementor-heading-title elementor-size-default\"><a href=\"https:\/\/onenergyconnect.com\/\">OnEnergy Connect<\/a><\/h2>\t\t\t\t<\/div>\n\t\t\t\t<\/div>\n\t\t\t\t<div class=\"elementor-element elementor-element-81bbcdd elementor-widget elementor-widget-spacer\" data-id=\"81bbcdd\" data-element_type=\"widget\" data-e-type=\"widget\" data-widget_type=\"spacer.default\">\n\t\t\t\t<div class=\"elementor-widget-container\">\n\t\t\t\t\t\t\t<div class=\"elementor-spacer\">\n\t\t\t<div class=\"elementor-spacer-inner\"><\/div>\n\t\t<\/div>\n\t\t\t\t\t\t<\/div>\n\t\t\t\t<\/div>\n\t\t\t\t<div class=\"elementor-element elementor-element-5a17816 elementor-widget elementor-widget-text-editor\" data-id=\"5a17816\" data-element_type=\"widget\" data-e-type=\"widget\" data-widget_type=\"text-editor.default\">\n\t\t\t\t<div class=\"elementor-widget-container\">\n\t\t\t\t\t\t\t\t\t<p>On Energy Connect est un produit de partenariat entre ADRA \u00c9thiopie et On Energy Consult, con\u00e7u pour mettre en relation des techniciens photovolta\u00efques qualifi\u00e9s avec des opportunit\u00e9s d'emploi significatives dans le domaine de l'\u00e9nergie \u00e0 travers l'\u00c9thiopie. Ensemble, nous construisons un avenir o\u00f9 chaque technicien est visible et o\u00f9 chaque communaut\u00e9 est autonome. Con\u00e7u \u00e0 la fois comme une solution web et mobile, il rationalise la fa\u00e7on dont les techniciens d\u00e9couvrent le travail et permet aux organisations de trouver des talents qualifi\u00e9s rapidement et de mani\u00e8re fiable.<\/p>\t\t\t\t\t\t\t\t<\/div>\n\t\t\t\t<\/div>\n\t\t\t\t<div class=\"elementor-element elementor-element-783423b elementor-widget__width-initial elementor-widget elementor-widget-image\" data-id=\"783423b\" data-element_type=\"widget\" data-e-type=\"widget\" data-widget_type=\"image.default\">\n\t\t\t\t<div class=\"elementor-widget-container\">\n\t\t\t\t\t\t\t\t\t\t\t\t\t\t\t<img fetchpriority=\"high\" decoding=\"async\" width=\"225\" height=\"225\" src=\"https:\/\/ethiopia.adra.cloud\/wp-content\/uploads\/2026\/01\/download__7_-removebg-preview-1.png\" class=\"attachment-large size-large wp-image-17504\" alt=\"\" srcset=\"https:\/\/ethiopia.adra.cloud\/wp-content\/uploads\/2026\/01\/download__7_-removebg-preview-1.png 225w, https:\/\/ethiopia.adra.cloud\/wp-content\/uploads\/2026\/01\/download__7_-removebg-preview-1-150x150.png 150w, https:\/\/ethiopia.adra.cloud\/wp-content\/uploads\/2026\/01\/download__7_-removebg-preview-1-12x12.png 12w\" sizes=\"(max-width: 225px) 100vw, 225px\" \/>\t\t\t\t\t\t\t\t\t\t\t\t\t\t\t<\/div>\n\t\t\t\t<\/div>\n\t\t\t\t<div class=\"elementor-element elementor-element-97b310f elementor-widget__width-initial elementor-widget elementor-widget-image\" data-id=\"97b310f\" data-element_type=\"widget\" data-e-type=\"widget\" data-widget_type=\"image.default\">\n\t\t\t\t<div class=\"elementor-widget-container\">\n\t\t\t\t\t\t\t\t\t\t\t\t\t\t\t<img decoding=\"async\" width=\"200\" height=\"200\" src=\"https:\/\/ethiopia.adra.cloud\/wp-content\/uploads\/2026\/01\/download__7_-removebg-preview-2.png\" class=\"attachment-large size-large wp-image-17503\" alt=\"\" srcset=\"https:\/\/ethiopia.adra.cloud\/wp-content\/uploads\/2026\/01\/download__7_-removebg-preview-2.png 200w, https:\/\/ethiopia.adra.cloud\/wp-content\/uploads\/2026\/01\/download__7_-removebg-preview-2-150x150.png 150w, https:\/\/ethiopia.adra.cloud\/wp-content\/uploads\/2026\/01\/download__7_-removebg-preview-2-12x12.png 12w\" sizes=\"(max-width: 200px) 100vw, 200px\" \/>\t\t\t\t\t\t\t\t\t\t\t\t\t\t\t<\/div>\n\t\t\t\t<\/div>\n\t\t\t\t<div class=\"elementor-element elementor-element-f8725c4 elementor-widget elementor-widget-spacer\" data-id=\"f8725c4\" data-element_type=\"widget\" data-e-type=\"widget\" data-widget_type=\"spacer.default\">\n\t\t\t\t<div class=\"elementor-widget-container\">\n\t\t\t\t\t\t\t<div class=\"elementor-spacer\">\n\t\t\t<div class=\"elementor-spacer-inner\"><\/div>\n\t\t<\/div>\n\t\t\t\t\t\t<\/div>\n\t\t\t\t<\/div>\n\t\t\t\t\t<\/div>\n\t\t<\/div>\n\t\t\t\t\t<\/div>\n\t\t<\/section>\n\t\t\t\t<section data-particle_enable=\"false\" data-particle-mobile-disabled=\"false\" class=\"elementor-section elementor-top-section elementor-element elementor-element-352d9bf elementor-section-full_width elementor-section-height-min-height elementor-section-content-top elementor-section-height-default elementor-section-items-middle\" data-id=\"352d9bf\" data-element_type=\"section\" data-e-type=\"section\" data-settings=\"{&quot;background_background&quot;:&quot;classic&quot;}\">\n\t\t\t\t\t\t<div class=\"elementor-container elementor-column-gap-no\">\n\t\t\t\t\t<div class=\"elementor-column elementor-col-100 elementor-top-column elementor-element elementor-element-7d39e62\" data-id=\"7d39e62\" data-element_type=\"column\" data-e-type=\"column\">\n\t\t\t<div class=\"elementor-widget-wrap\">\n\t\t\t\t\t\t\t<\/div>\n\t\t<\/div>\n\t\t\t\t\t<\/div>\n\t\t<\/section>\n\t\t\t\t<section data-particle_enable=\"false\" data-particle-mobile-disabled=\"false\" class=\"elementor-section elementor-top-section elementor-element elementor-element-1602a6e elementor-section-boxed elementor-section-height-default elementor-section-height-default\" data-id=\"1602a6e\" data-element_type=\"section\" data-e-type=\"section\" data-settings=\"{&quot;background_background&quot;:&quot;classic&quot;}\">\n\t\t\t\t\t\t<div class=\"elementor-container elementor-column-gap-default\">\n\t\t\t\t\t<div class=\"elementor-column elementor-col-50 elementor-top-column elementor-element elementor-element-f3f4bc1\" data-id=\"f3f4bc1\" data-element_type=\"column\" data-e-type=\"column\">\n\t\t\t<div class=\"elementor-widget-wrap elementor-element-populated\">\n\t\t\t\t\t\t<div class=\"elementor-element elementor-element-6be0ad4 elementor-widget elementor-widget-spacer\" data-id=\"6be0ad4\" data-element_type=\"widget\" data-e-type=\"widget\" data-widget_type=\"spacer.default\">\n\t\t\t\t<div class=\"elementor-widget-container\">\n\t\t\t\t\t\t\t<div class=\"elementor-spacer\">\n\t\t\t<div class=\"elementor-spacer-inner\"><\/div>\n\t\t<\/div>\n\t\t\t\t\t\t<\/div>\n\t\t\t\t<\/div>\n\t\t\t\t<div class=\"elementor-element elementor-element-3725648 elementor-widget elementor-widget-heading\" data-id=\"3725648\" data-element_type=\"widget\" data-e-type=\"widget\" data-widget_type=\"heading.default\">\n\t\t\t\t<div class=\"elementor-widget-container\">\n\t\t\t\t\t<h2 class=\"elementor-heading-title elementor-size-default\">Derni\u00e8res nouvelles<\/h2>\t\t\t\t<\/div>\n\t\t\t\t<\/div>\n\t\t\t\t<div class=\"elementor-element elementor-element-73d2c3d elementor-widget-divider--view-line elementor-widget elementor-widget-divider\" data-id=\"73d2c3d\" data-element_type=\"widget\" data-e-type=\"widget\" data-widget_type=\"divider.default\">\n\t\t\t\t<div class=\"elementor-widget-container\">\n\t\t\t\t\t\t\t<div class=\"elementor-divider\">\n\t\t\t<span class=\"elementor-divider-separator\">\n\t\t\t\t\t\t<\/span>\n\t\t<\/div>\n\t\t\t\t\t\t<\/div>\n\t\t\t\t<\/div>\n\t\t\t\t<div class=\"elementor-element elementor-element-f53c4be ee-grid-columns-1 ee-posts-thumbnail-ratio ee-grid-columns-tablet-1 ee-grid-columns-mobile-1 ee-grid-align--stretch ee-grid-halign--left ee-posts-align-top ee-posts-avatar-position-left elementor-widget elementor-widget-posts-extra\" data-id=\"f53c4be\" data-element_type=\"widget\" data-e-type=\"widget\" data-settings=\"{&quot;columns&quot;:&quot;1&quot;,&quot;columns_tablet&quot;:&quot;1&quot;,&quot;columns_mobile&quot;:&quot;1&quot;,&quot;classic_grid_columns_spacing&quot;:{&quot;unit&quot;:&quot;px&quot;,&quot;size&quot;:24,&quot;sizes&quot;:[]},&quot;classic_grid_columns_spacing_tablet&quot;:{&quot;unit&quot;:&quot;px&quot;,&quot;size&quot;:12,&quot;sizes&quot;:[]},&quot;classic_grid_columns_spacing_mobile&quot;:{&quot;unit&quot;:&quot;px&quot;,&quot;size&quot;:0,&quot;sizes&quot;:[]}}\" data-widget_type=\"posts-extra.classic\">\n\t\t\t\t<div class=\"elementor-widget-container\">\n\t\t\t\t\t<div class=\"ee-grid ee-loop ee-grid--default\"><div class=\"ee-grid__item--sizer\"><\/div><div class=\"ee-grid__item ee-loop__item\"><article class=\"ee-post post-15863 post type-post status-publish format-standard has-post-thumbnail hentry category-education category-emergency category-health category-livelihoods\"><a class=\"ee-media ee-post__media\" href=\"https:\/\/ethiopia.adra.cloud\/fr\/sample-post-2\/\"><div class=\"ee-post__media__thumbnail ee-media__thumbnail\"><img decoding=\"async\" width=\"800\" height=\"369\" src=\"https:\/\/ethiopia.adra.cloud\/wp-content\/uploads\/2025\/07\/WhatsApp-Image-2025-12-05-at-5.32.16-AM-1024x472.jpeg\" class=\"attachment-large size-large wp-image-17365\" alt=\"\" srcset=\"https:\/\/ethiopia.adra.cloud\/wp-content\/uploads\/2025\/07\/WhatsApp-Image-2025-12-05-at-5.32.16-AM-1024x472.jpeg 1024w, https:\/\/ethiopia.adra.cloud\/wp-content\/uploads\/2025\/07\/WhatsApp-Image-2025-12-05-at-5.32.16-AM-300x138.jpeg 300w, https:\/\/ethiopia.adra.cloud\/wp-content\/uploads\/2025\/07\/WhatsApp-Image-2025-12-05-at-5.32.16-AM-768x354.jpeg 768w, https:\/\/ethiopia.adra.cloud\/wp-content\/uploads\/2025\/07\/WhatsApp-Image-2025-12-05-at-5.32.16-AM-18x8.jpeg 18w, https:\/\/ethiopia.adra.cloud\/wp-content\/uploads\/2025\/07\/WhatsApp-Image-2025-12-05-at-5.32.16-AM.jpeg 1080w\" sizes=\"(max-width: 800px) 100vw, 800px\" \/><\/div><div class=\"ee-post__media__overlay ee-media__overlay\"><\/div><\/a><!-- .ee-post__media --><div class=\"ee-post__body ee-post__area\">\t\t<ul class=\"ee-post__terms\">\n\n\t\t\t\n\t\t\t\n\t\t\t\t<li class=\"ee-post__terms__term ee-term ee-term--education\">\n\t\t\t\t\t<span class=\"ee-post__terms__link ee-term__link\">\n\t\t\t\t\t\tL'\u00e9ducation\t\t\t\t\t<\/span><span class=\"ee-post__terms__separator\">|<\/span>\t\t\t\t<\/li>\n\n\t\t\t\n\t\t\t\t<li class=\"ee-post__terms__term ee-term ee-term--emergency\">\n\t\t\t\t\t<span class=\"ee-post__terms__link ee-term__link\">\n\t\t\t\t\t\tUrgence\t\t\t\t\t<\/span><span class=\"ee-post__terms__separator\">|<\/span>\t\t\t\t<\/li>\n\n\t\t\t\t\t<\/ul>\n\t\t<a href=\"https:\/\/ethiopia.adra.cloud\/fr\/sample-post-2\/\" class=\"ee-post__title\">\n\t\t\t<h2 class=\"ee-post__title__heading\">Construction d'une nouvelle biblioth\u00e8que \u00e0 l'\u00e9cole primaire de Wotera !<\/h2>\n\t\t<\/a><\/div><!-- .ee-post__body --><div class=\"ee-post__footer ee-post__area\"><div class=\"ee-post__read-more\">\n\t\t\t<a class=\"ee-post__button\" href=\"https:\/\/ethiopia.adra.cloud\/fr\/sample-post-2\/\">\n\t\t\t\tLire la suite\t\t\t<\/a>\n\t\t<\/div><\/div><!-- .ee-post__footer --><\/article><!-- .ee-post --><\/div><!-- .ee-loop__item --><\/div><!-- .ee-loop -->\t\t\t\t<\/div>\n\t\t\t\t<\/div>\n\t\t\t\t<div class=\"elementor-element elementor-element-5fdea0b elementor-widget elementor-widget-spacer\" data-id=\"5fdea0b\" data-element_type=\"widget\" data-e-type=\"widget\" data-widget_type=\"spacer.default\">\n\t\t\t\t<div class=\"elementor-widget-container\">\n\t\t\t\t\t\t\t<div class=\"elementor-spacer\">\n\t\t\t<div class=\"elementor-spacer-inner\"><\/div>\n\t\t<\/div>\n\t\t\t\t\t\t<\/div>\n\t\t\t\t<\/div>\n\t\t\t\t\t<\/div>\n\t\t<\/div>\n\t\t\t\t<div class=\"elementor-column elementor-col-50 elementor-top-column elementor-element elementor-element-7f4518f\" data-id=\"7f4518f\" data-element_type=\"column\" data-e-type=\"column\">\n\t\t\t<div class=\"elementor-widget-wrap elementor-element-populated\">\n\t\t\t\t\t\t<div class=\"elementor-element elementor-element-4db7fd4 elementor-widget elementor-widget-spacer\" data-id=\"4db7fd4\" data-element_type=\"widget\" data-e-type=\"widget\" data-widget_type=\"spacer.default\">\n\t\t\t\t<div class=\"elementor-widget-container\">\n\t\t\t\t\t\t\t<div class=\"elementor-spacer\">\n\t\t\t<div class=\"elementor-spacer-inner\"><\/div>\n\t\t<\/div>\n\t\t\t\t\t\t<\/div>\n\t\t\t\t<\/div>\n\t\t\t\t<div class=\"elementor-element elementor-element-5d1fb1b elementor-widget elementor-widget-heading\" data-id=\"5d1fb1b\" data-element_type=\"widget\" data-e-type=\"widget\" data-widget_type=\"heading.default\">\n\t\t\t\t<div class=\"elementor-widget-container\">\n\t\t\t\t\t<h2 class=\"elementor-heading-title elementor-size-default\">Galerie<\/h2>\t\t\t\t<\/div>\n\t\t\t\t<\/div>\n\t\t\t\t<div class=\"elementor-element elementor-element-603e896 elementor-widget-divider--view-line elementor-widget elementor-widget-divider\" data-id=\"603e896\" data-element_type=\"widget\" data-e-type=\"widget\" data-widget_type=\"divider.default\">\n\t\t\t\t<div class=\"elementor-widget-container\">\n\t\t\t\t\t\t\t<div class=\"elementor-divider\">\n\t\t\t<span class=\"elementor-divider-separator\">\n\t\t\t\t\t\t<\/span>\n\t\t<\/div>\n\t\t\t\t\t\t<\/div>\n\t\t\t\t<\/div>\n\t\t\t\t<div class=\"elementor-element elementor-element-5c1489b elementor-arrows-position-inside elementor-widget elementor-widget-image-carousel\" data-id=\"5c1489b\" data-element_type=\"widget\" data-e-type=\"widget\" data-settings=\"{&quot;slides_to_show&quot;:&quot;1&quot;,&quot;navigation&quot;:&quot;arrows&quot;,&quot;autoplay&quot;:&quot;yes&quot;,&quot;pause_on_hover&quot;:&quot;yes&quot;,&quot;pause_on_interaction&quot;:&quot;yes&quot;,&quot;autoplay_speed&quot;:5000,&quot;infinite&quot;:&quot;yes&quot;,&quot;effect&quot;:&quot;slide&quot;,&quot;speed&quot;:500}\" data-widget_type=\"image-carousel.default\">\n\t\t\t\t<div class=\"elementor-widget-container\">\n\t\t\t\t\t\t\t<div class=\"elementor-image-carousel-wrapper swiper\" role=\"region\" aria-roledescription=\"carousel\" aria-label=\"Carrousel d&#039;images\" dir=\"ltr\">\n\t\t\t<div class=\"elementor-image-carousel swiper-wrapper\" aria-live=\"off\">\n\t\t\t\t\t\t\t\t<div class=\"swiper-slide\" role=\"group\" aria-roledescription=\"slide\" aria-label=\"1 of 2\" data-no-translation-aria-label=\"\"><figure class=\"swiper-slide-inner\"><img decoding=\"async\" class=\"swiper-slide-image\" src=\"https:\/\/ethiopia.adra.cloud\/wp-content\/uploads\/2025\/04\/placeholder-1024x683.png\" alt=\"Placeholder Image\" \/><\/figure><\/div><div class=\"swiper-slide\" role=\"group\" aria-roledescription=\"slide\" aria-label=\"2 of 2\" data-no-translation-aria-label=\"\"><figure class=\"swiper-slide-inner\"><img decoding=\"async\" class=\"swiper-slide-image\" src=\"https:\/\/ethiopia.adra.cloud\/wp-content\/uploads\/2019\/11\/world-map-1024x512.png\" alt=\"World Map\" \/><\/figure><\/div>\t\t\t<\/div>\n\t\t\t\t\t\t\t\t\t\t\t\t<div class=\"elementor-swiper-button elementor-swiper-button-prev\" role=\"button\" tabindex=\"0\">\n\t\t\t\t\t\t<i aria-hidden=\"true\" class=\"eicon-chevron-left\"><\/i>\t\t\t\t\t<\/div>\n\t\t\t\t\t<div class=\"elementor-swiper-button elementor-swiper-button-next\" role=\"button\" tabindex=\"0\">\n\t\t\t\t\t\t<i aria-hidden=\"true\" class=\"eicon-chevron-right\"><\/i>\t\t\t\t\t<\/div>\n\t\t\t\t\n\t\t\t\t\t\t\t\t\t<\/div>\n\t\t\t\t\t\t<\/div>\n\t\t\t\t<\/div>\n\t\t\t\t<div class=\"elementor-element elementor-element-3ff19d5 elementor-widget elementor-widget-spacer\" data-id=\"3ff19d5\" data-element_type=\"widget\" data-e-type=\"widget\" data-widget_type=\"spacer.default\">\n\t\t\t\t<div class=\"elementor-widget-container\">\n\t\t\t\t\t\t\t<div class=\"elementor-spacer\">\n\t\t\t<div class=\"elementor-spacer-inner\"><\/div>\n\t\t<\/div>\n\t\t\t\t\t\t<\/div>\n\t\t\t\t<\/div>\n\t\t\t\t\t<\/div>\n\t\t<\/div>\n\t\t\t\t\t<\/div>\n\t\t<\/section>\n\t\t\t\t<\/div>","protected":false},"excerpt":{"rendered":"<p>Green ENERGY ADRA Ethiopia in its project aimed at improving livelihoods and promotion of employment opportunities for disadvantaged young people in the regions of Oromia and Tigray through innovative vocational training in renewable energy, in Oromia and Tigray regions, Ethiopia -Green Energy TVET Project, has significantly contributed to the sector in renewable energy sector. For [&hellip;]<\/p>\n","protected":false},"author":18,"featured_media":15726,"parent":16401,"menu_order":4,"comment_status":"closed","ping_status":"closed","template":"","meta":{"_acf_changed":false,"footnotes":""},"class_list":["post-17501","page","type-page","status-publish","has-post-thumbnail","hentry"],"acf":[],"_links":{"self":[{"href":"https:\/\/ethiopia.adra.cloud\/fr\/wp-json\/wp\/v2\/pages\/17501","targetHints":{"allow":["GET"]}}],"collection":[{"href":"https:\/\/ethiopia.adra.cloud\/fr\/wp-json\/wp\/v2\/pages"}],"about":[{"href":"https:\/\/ethiopia.adra.cloud\/fr\/wp-json\/wp\/v2\/types\/page"}],"author":[{"embeddable":true,"href":"https:\/\/ethiopia.adra.cloud\/fr\/wp-json\/wp\/v2\/users\/18"}],"replies":[{"embeddable":true,"href":"https:\/\/ethiopia.adra.cloud\/fr\/wp-json\/wp\/v2\/comments?post=17501"}],"version-history":[{"count":9,"href":"https:\/\/ethiopia.adra.cloud\/fr\/wp-json\/wp\/v2\/pages\/17501\/revisions"}],"predecessor-version":[{"id":17592,"href":"https:\/\/ethiopia.adra.cloud\/fr\/wp-json\/wp\/v2\/pages\/17501\/revisions\/17592"}],"up":[{"embeddable":true,"href":"https:\/\/ethiopia.adra.cloud\/fr\/wp-json\/wp\/v2\/pages\/16401"}],"wp:featuredmedia":[{"embeddable":true,"href":"https:\/\/ethiopia.adra.cloud\/fr\/wp-json\/"}],"wp:attachment":[{"href":"https:\/\/ethiopia.adra.cloud\/fr\/wp-json\/wp\/v2\/media?parent=17501"}],"curies":[{"name":"wp","href":"https:\/\/api.w.org\/{rel}","templated":true}]}}